{"id":222,"date":"2017-12-26T05:47:41","date_gmt":"2017-12-26T05:47:41","guid":{"rendered":"https:\/\/demo.themegrill.com\/colormag-dark\/?page_id=222"},"modified":"2017-12-26T05:47:41","modified_gmt":"2017-12-26T05:47:41","slug":"politics","status":"publish","type":"page","link":"https:\/\/leste.news\/?page_id=222","title":{"rendered":"Politics"},"content":{"rendered":"\t\t<div data-elementor-type=\"wp-post\" data-elementor-id=\"222\" class=\"elementor elementor-222 elementor-bc-flex-widget\">\n\t\t\t\t\t\t<section class=\"elementor-section elementor-top-section elementor-element elementor-element-384038c0 elementor-section-stretched elementor-section-boxed elementor-section-height-default elementor-section-height-default\" data-id=\"384038c0\" data-element_type=\"section\" data-settings=\"{&quot;stretch_section&quot;:&quot;section-stretched&quot;}\">\n\t\t\t\t\t\t<div class=\"elementor-container elementor-column-gap-default\">\n\t\t\t\t\t<div class=\"elementor-column elementor-col-100 elementor-top-column elementor-element elementor-element-6c702240\" data-id=\"6c702240\" data-element_type=\"column\">\n\t\t\t<div class=\"elementor-widget-wrap elementor-element-populated\">\n\t\t\t\t\t\t<div class=\"elementor-element elementor-element-27772720 elementor-widget elementor-widget-heading\" data-id=\"27772720\" data-element_type=\"widget\" data-widget_type=\"heading.default\">\n\t\t\t\t<div class=\"elementor-widget-container\">\n\t\t\t<style>\/*! elementor - v3.23.0 - 05-08-2024 *\/\n.elementor-heading-title{padding:0;margin:0;line-height:1}.elementor-widget-heading .elementor-heading-title[class*=elementor-size-]>a{color:inherit;font-size:inherit;line-height:inherit}.elementor-widget-heading .elementor-heading-title.elementor-size-small{font-size:15px}.elementor-widget-heading .elementor-heading-title.elementor-size-medium{font-size:19px}.elementor-widget-heading .elementor-heading-title.elementor-size-large{font-size:29px}.elementor-widget-heading .elementor-heading-title.elementor-size-xl{font-size:39px}.elementor-widget-heading .elementor-heading-title.elementor-size-xxl{font-size:59px}<\/style><h2 class=\"elementor-heading-title elementor-size-large\">Politics News<\/h2>\t\t<\/div>\n\t\t\t\t<\/div>\n\t\t\t\t\t<\/div>\n\t\t<\/div>\n\t\t\t\t\t<\/div>\n\t\t<\/section>\n\t\t\t\t<section class=\"elementor-section elementor-top-section elementor-element elementor-element-5c09d9e7 elementor-section-boxed elementor-section-height-default elementor-section-height-default\" data-id=\"5c09d9e7\" data-element_type=\"section\">\n\t\t\t\t\t\t<div class=\"elementor-container elementor-column-gap-default\">\n\t\t\t\t\t<div class=\"elementor-column elementor-col-66 elementor-top-column elementor-element elementor-element-6ce0cc8d\" data-id=\"6ce0cc8d\" data-element_type=\"column\">\n\t\t\t<div class=\"elementor-widget-wrap elementor-element-populated\">\n\t\t\t\t\t\t<div class=\"elementor-element elementor-element-3abed27b elementor-widget elementor-widget-ColorMag-Posts-Block-2\" data-id=\"3abed27b\" data-element_type=\"widget\" data-widget_type=\"ColorMag-Posts-Block-2.default\">\n\t\t\t\t<div class=\"elementor-widget-container\">\n\t\t\t\r\n\t\t<div class=\"tg-module-block tg-module-wrapper tg-module-block--style-2\">\r\n\t\t\t\r\n\t\t\t<div class=\"tg-row\">\r\n\t\t\t\t\t\t\t<\/div>\r\n\t\t<\/div>\r\n\r\n\t\t\t\t<\/div>\n\t\t\t\t<\/div>\n\t\t\t\t<div class=\"elementor-element elementor-element-21d7714a elementor-widget elementor-widget-ColorMag-Posts-Block-4\" data-id=\"21d7714a\" data-element_type=\"widget\" data-widget_type=\"ColorMag-Posts-Block-4.default\">\n\t\t\t\t<div class=\"elementor-widget-container\">\n\t\t\t\r\n\t\t<div class=\"tg-module-block tg-module-block--style-4 tg-module-wrapper\">\r\n\t\t\t\t\t<\/div>\r\n\r\n\t\t\t\t<\/div>\n\t\t\t\t<\/div>\n\t\t\t\t\t<\/div>\n\t\t<\/div>\n\t\t\t\t<div class=\"elementor-column elementor-col-33 elementor-top-column elementor-element elementor-element-1ed8deaf\" data-id=\"1ed8deaf\" data-element_type=\"column\">\n\t\t\t<div class=\"elementor-widget-wrap elementor-element-populated\">\n\t\t\t\t\t\t<div class=\"elementor-element elementor-element-244ba3d8 elementor-widget elementor-widget-heading\" data-id=\"244ba3d8\" data-element_type=\"widget\" data-widget_type=\"heading.default\">\n\t\t\t\t<div class=\"elementor-widget-container\">\n\t\t\t<h6 class=\"elementor-heading-title elementor-size-small\">- Advertisement ( 300*250 ) -<\/h6>\t\t<\/div>\n\t\t\t\t<\/div>\n\t\t\t\t<div class=\"elementor-element elementor-element-252f26d0 elementor-widget elementor-widget-wp-widget-colormag_300x250_advertisement_widget\" data-id=\"252f26d0\" data-element_type=\"widget\" data-widget_type=\"wp-widget-colormag_300x250_advertisement_widget.default\">\n\t\t\t\t<div class=\"elementor-widget-container\">\n\t\t\t<section class=\"widget widget_728x90_advertisement clearfix\">\r\n\t\t<div class=\"advertisement_300x250\">\r\n\t\t\t<div class=\"advertisement-content\"><a href=\"#\" class=\"single_ad_300x250\" target=\"_blank\" rel=\"nofollow\"><img fetchpriority=\"high\" decoding=\"async\" src=\"https:\/\/demo.themegrill.com\/colormag-dark\/wp-content\/uploads\/sites\/155\/2017\/12\/colormag-ad-300-250.jpg\" width=\"300\" height=\"250\" alt=\"\"><\/a><\/div>\t\t<\/div>\r\n\r\n\t\t<\/section>\t\t<\/div>\n\t\t\t\t<\/div>\n\t\t\t\t<div class=\"elementor-element elementor-element-5d187559 elementor-widget elementor-widget-heading\" data-id=\"5d187559\" data-element_type=\"widget\" data-widget_type=\"heading.default\">\n\t\t\t\t<div class=\"elementor-widget-container\">\n\t\t\t<h2 class=\"elementor-heading-title elementor-size-default\">Latest News<\/h2>\t\t<\/div>\n\t\t\t\t<\/div>\n\t\t\t\t<div class=\"elementor-element elementor-element-223b725e elementor-widget elementor-widget-ColorMag-Posts-Block-2\" data-id=\"223b725e\" data-element_type=\"widget\" data-widget_type=\"ColorMag-Posts-Block-2.default\">\n\t\t\t\t<div class=\"elementor-widget-container\">\n\t\t\t\r\n\t\t<div class=\"tg-module-block tg-module-wrapper tg-module-block--style-2\">\r\n\t\t\t\r\n\t\t\t<div class=\"tg-row\">\r\n\t\t\t\t\r\n\t\t\t\t\t<div class=\"tg-col-control\">\r\n\t\t\t\t\t\t<div class=\"tg_module_block\">\r\n\t\t\t\t\t\t\t\t\t\t\t\t\t\t\t<figure class=\"tg-module-thumb\">\r\n\t\t\t\t\t\t\t\t\t\t\t<a href=\"https:\/\/leste.news\/?p=1765\" class=\"tg-thumb-link\">\r\n\t\t\t<img decoding=\"async\" width=\"392\" height=\"272\" src=\"https:\/\/leste.news\/wp-content\/uploads\/2026\/05\/1608-Outlet-imobiliario-em-Cuiaba-promete-descontos-exclusivos-e.asp-392x272.jpeg\" class=\"attachment-colormag-highlighted-post size-colormag-highlighted-post wp-post-image\" alt=\"16:08 - \n\t\t\t\t\t\t\tOutlet imobili\u00e1rio em Cuiab\u00e1 promete descontos exclusivos e condi\u00e7\u00f5es facilitadas para compra de im\u00f3veis\" srcset=\"https:\/\/leste.news\/wp-content\/uploads\/2026\/05\/1608-Outlet-imobiliario-em-Cuiaba-promete-descontos-exclusivos-e.asp-392x272.jpeg 392w, https:\/\/leste.news\/wp-content\/uploads\/2026\/05\/1608-Outlet-imobiliario-em-Cuiaba-promete-descontos-exclusivos-e.asp-130x90.jpeg 130w, https:\/\/leste.news\/wp-content\/uploads\/2026\/05\/1608-Outlet-imobiliario-em-Cuiaba-promete-descontos-exclusivos-e.asp-600x417.jpeg 600w\" sizes=\"(max-width: 392px) 100vw, 392px\" \/>\t\t<\/a>\r\n\t\t<div class=\"tg-post-categories\"><a href=\"https:\/\/leste.news\/?cat=1\" style=\"background:rgb(221,51,51)\" class=\"tg-post-category\" rel=\"category tag\">Categorias<\/a>&nbsp;<a href=\"https:\/\/leste.news\/?cat=10\" style=\"background:rgb(221,51,51)\" class=\"tg-post-category\" rel=\"category tag\">Empresas<\/a>&nbsp;<a href=\"https:\/\/leste.news\/?cat=5\" style=\"background:rgb(221,51,51)\" class=\"tg-post-category\" rel=\"category tag\">Not\u00edcias<\/a>&nbsp;<\/div>\t\t\t\t\t\t\t\t<\/figure>\r\n\t\t\t\t\t\t\t\t\r\n\t\t\t\t\t\t\t\t\t<h3 class=\"tg-module-title entry-title\">\r\n\t\t\t<a href=\"https:\/\/leste.news\/?p=1765\">16:08 &#8211; \n\t\t\t\t\t\t\tOutlet imobili\u00e1rio em Cuiab\u00e1 promete descontos exclusivos e condi\u00e7\u00f5es facilitadas para compra de im\u00f3veis<\/a>\r\n\t\t<\/h3>\r\n\t\t\r\n\t\t<div class=\"tg-module-meta\">\r\n\t\t\t\r\n\t\t\t<span class=\"tg-post-date entry-date\">\r\n\t\t\t\t<a href=\"https:\/\/leste.news\/?p=1765\" rel=\"bookmark\"><time class=\"entry-date published updated\" datetime=\"2026-05-04T15:20:32-04:00\">maio 4, 2026<\/time><\/a>\t\t\t<\/span>\r\n\r\n\t\t\t<span class=\"tg-post-auther-name author vcard\">\r\n\t\t\t\t<a class=\"url fn n\" href=\"https:\/\/leste.news\/?author=1\">Reda\u00e7\u00e3o RPMT<\/a>\t\t\t<\/span>\r\n\r\n\t\t\t\t\t\t\t<span class=\"tg-module-comments\">\r\n\t\t\t\t\t<a href=\"https:\/\/leste.news\/?p=1765#respond\">0<\/a>\t\t\t\t<\/span>\r\n\t\t\t\t\t<\/div>\r\n\r\n\t\t\r\n\t\t\t\t\t\t\t<div class=\"tg-expert entry-content\">\r\n\t\t\t\t\t\t\t\t<p>16:08 &#8211; Outlet imobili\u00e1rio em Cuiab\u00e1 promete descontos exclusivos e condi\u00e7\u00f5es facilitadas para compra de im\u00f3veis Source link<\/p>\n\t\t\t\t\t\t\t<\/div>\r\n\r\n\t\t\t\t\t\t<\/div>\r\n\t\t\t\t\t<\/div>\r\n\r\n\t\t\t\t\t\t\t\t<\/div>\r\n\t\t<\/div>\r\n\r\n\t\t\t\t<\/div>\n\t\t\t\t<\/div>\n\t\t\t\t<div class=\"elementor-element elementor-element-2f16c82b elementor-widget elementor-widget-ColorMag-Posts-Block-6\" data-id=\"2f16c82b\" data-element_type=\"widget\" data-widget_type=\"ColorMag-Posts-Block-6.default\">\n\t\t\t\t<div class=\"elementor-widget-container\">\n\t\t\t\r\n\t\t<div class=\"tg-module-block tg-module-block--style-6 tg-module-wrapper\">\r\n\t\t\t\r\n\t\t\t<div class=\"tg-row\">\r\n\t\t\t\t\r\n\t\t\t\t\t<div class=\"tg_module_block tg_module_block--list-small tg-col-control\">\r\n\t\t\t\t\t\t\t\t\t\t\t\t\t<figure class=\"tg-module-thumb\">\r\n\t\t\t\t\t\t\t\t\t\t<a href=\"https:\/\/leste.news\/?p=1763\" class=\"tg-thumb-link\">\r\n\t\t\t<img decoding=\"async\" width=\"130\" height=\"90\" src=\"https:\/\/leste.news\/wp-content\/uploads\/2026\/05\/Governo-recupera-asfalto-de-rodovias-em-Pocone-Feito-inedito-afirma-130x90.jpeg\" class=\"attachment-colormag-featured-post-small size-colormag-featured-post-small wp-post-image\" alt=\"Governo recupera asfalto de rodovias em Pocon\u00e9: &quot;Feito in\u00e9dito&quot;, afirma prefeito\" srcset=\"https:\/\/leste.news\/wp-content\/uploads\/2026\/05\/Governo-recupera-asfalto-de-rodovias-em-Pocone-Feito-inedito-afirma-130x90.jpeg 130w, https:\/\/leste.news\/wp-content\/uploads\/2026\/05\/Governo-recupera-asfalto-de-rodovias-em-Pocone-Feito-inedito-afirma-392x272.jpeg 392w, https:\/\/leste.news\/wp-content\/uploads\/2026\/05\/Governo-recupera-asfalto-de-rodovias-em-Pocone-Feito-inedito-afirma-600x417.jpeg 600w\" sizes=\"(max-width: 130px) 100vw, 130px\" \/>\t\t<\/a>\r\n\t\t\t\t\t\t\t\t\t<\/figure>\r\n\t\t\t\t\t\t\r\n\t\t\t\t\t\t<div class=\"tg-module-info\">\r\n\t\t\t\t\t\t\t\t\t<h3 class=\"tg-module-title entry-title\">\r\n\t\t\t<a href=\"https:\/\/leste.news\/?p=1763\">Governo recupera asfalto de rodovias em Pocon\u00e9: &#8220;Feito in\u00e9dito&#8221;, afirma prefeito<\/a>\r\n\t\t<\/h3>\r\n\t\t\r\n\t\t<div class=\"tg-module-meta\">\r\n\t\t\t\r\n\t\t\t<span class=\"tg-post-date entry-date\">\r\n\t\t\t\t<a href=\"https:\/\/leste.news\/?p=1763\" rel=\"bookmark\"><time class=\"entry-date published updated\" datetime=\"2026-05-03T18:41:29-04:00\">maio 3, 2026<\/time><\/a>\t\t\t<\/span>\r\n\r\n\t\t\t<span class=\"tg-post-auther-name author vcard\">\r\n\t\t\t\t<a class=\"url fn n\" href=\"https:\/\/leste.news\/?author=1\">Reda\u00e7\u00e3o RPMT<\/a>\t\t\t<\/span>\r\n\r\n\t\t\t\t\t\t\t<span class=\"tg-module-comments\">\r\n\t\t\t\t\t<a href=\"https:\/\/leste.news\/?p=1763#respond\">0<\/a>\t\t\t\t<\/span>\r\n\t\t\t\t\t<\/div>\r\n\r\n\t\t\t\t\t\t\t\t<\/div>\r\n\t\t\t\t\t<\/div>\r\n\t\t\t\t\t\r\n\t\t\t\t\t<div class=\"tg_module_block tg_module_block--list-small tg-col-control\">\r\n\t\t\t\t\t\t\t\t\t\t\t\t\t<figure class=\"tg-module-thumb\">\r\n\t\t\t\t\t\t\t\t\t\t<a href=\"https:\/\/leste.news\/?p=1761\" class=\"tg-thumb-link\">\r\n\t\t\t<img loading=\"lazy\" decoding=\"async\" width=\"130\" height=\"90\" src=\"https:\/\/leste.news\/wp-content\/uploads\/2026\/05\/1823-Policia-Civil-apura-uso-de-medicamentos-vencidos-em.asp-130x90.jpeg\" class=\"attachment-colormag-featured-post-small size-colormag-featured-post-small wp-post-image\" alt=\"18:23 - \n\t\t\t\t\t\t\tPol\u00edcia Civil apura uso de medicamentos vencidos em cl\u00ednica veterin\u00e1ria em Lucas do Rio Verde\" srcset=\"https:\/\/leste.news\/wp-content\/uploads\/2026\/05\/1823-Policia-Civil-apura-uso-de-medicamentos-vencidos-em.asp-130x90.jpeg 130w, https:\/\/leste.news\/wp-content\/uploads\/2026\/05\/1823-Policia-Civil-apura-uso-de-medicamentos-vencidos-em.asp-392x272.jpeg 392w\" sizes=\"(max-width: 130px) 100vw, 130px\" \/>\t\t<\/a>\r\n\t\t\t\t\t\t\t\t\t<\/figure>\r\n\t\t\t\t\t\t\r\n\t\t\t\t\t\t<div class=\"tg-module-info\">\r\n\t\t\t\t\t\t\t\t\t<h3 class=\"tg-module-title entry-title\">\r\n\t\t\t<a href=\"https:\/\/leste.news\/?p=1761\">18:23 &#8211; \n\t\t\t\t\t\t\tPol\u00edcia Civil apura uso de medicamentos vencidos em cl\u00ednica veterin\u00e1ria em Lucas do Rio Verde<\/a>\r\n\t\t<\/h3>\r\n\t\t\r\n\t\t<div class=\"tg-module-meta\">\r\n\t\t\t\r\n\t\t\t<span class=\"tg-post-date entry-date\">\r\n\t\t\t\t<a href=\"https:\/\/leste.news\/?p=1761\" rel=\"bookmark\"><time class=\"entry-date published updated\" datetime=\"2026-05-03T13:13:10-04:00\">maio 3, 2026<\/time><\/a>\t\t\t<\/span>\r\n\r\n\t\t\t<span class=\"tg-post-auther-name author vcard\">\r\n\t\t\t\t<a class=\"url fn n\" href=\"https:\/\/leste.news\/?author=1\">Reda\u00e7\u00e3o RPMT<\/a>\t\t\t<\/span>\r\n\r\n\t\t\t\t\t\t\t<span class=\"tg-module-comments\">\r\n\t\t\t\t\t<a href=\"https:\/\/leste.news\/?p=1761#respond\">0<\/a>\t\t\t\t<\/span>\r\n\t\t\t\t\t<\/div>\r\n\r\n\t\t\t\t\t\t\t\t<\/div>\r\n\t\t\t\t\t<\/div>\r\n\t\t\t\t\t\r\n\t\t\t\t\t<div class=\"tg_module_block tg_module_block--list-small tg-col-control\">\r\n\t\t\t\t\t\t\t\t\t\t\t\t\t<figure class=\"tg-module-thumb\">\r\n\t\t\t\t\t\t\t\t\t\t<a href=\"https:\/\/leste.news\/?p=1759\" class=\"tg-thumb-link\">\r\n\t\t\t<img loading=\"lazy\" decoding=\"async\" width=\"130\" height=\"90\" src=\"https:\/\/leste.news\/wp-content\/uploads\/2026\/05\/Homem-e-condenado-a-39-anos-por-matar-sobreviventes-de.asp-130x90.jpeg\" class=\"attachment-colormag-featured-post-small size-colormag-featured-post-small wp-post-image\" alt=\"Homem \u00e9 condenado a 39 anos por matar sobreviventes de acidente e roubar carro :: Not\u00edcias Jur\u00eddicas\" srcset=\"https:\/\/leste.news\/wp-content\/uploads\/2026\/05\/Homem-e-condenado-a-39-anos-por-matar-sobreviventes-de.asp-130x90.jpeg 130w, https:\/\/leste.news\/wp-content\/uploads\/2026\/05\/Homem-e-condenado-a-39-anos-por-matar-sobreviventes-de.asp-392x272.jpeg 392w\" sizes=\"(max-width: 130px) 100vw, 130px\" \/>\t\t<\/a>\r\n\t\t\t\t\t\t\t\t\t<\/figure>\r\n\t\t\t\t\t\t\r\n\t\t\t\t\t\t<div class=\"tg-module-info\">\r\n\t\t\t\t\t\t\t\t\t<h3 class=\"tg-module-title entry-title\">\r\n\t\t\t<a href=\"https:\/\/leste.news\/?p=1759\">Homem \u00e9 condenado a 39 anos por matar sobreviventes de acidente e roubar carro :: Not\u00edcias Jur\u00eddicas<\/a>\r\n\t\t<\/h3>\r\n\t\t\r\n\t\t<div class=\"tg-module-meta\">\r\n\t\t\t\r\n\t\t\t<span class=\"tg-post-date entry-date\">\r\n\t\t\t\t<a href=\"https:\/\/leste.news\/?p=1759\" rel=\"bookmark\"><time class=\"entry-date published updated\" datetime=\"2026-05-01T14:52:20-04:00\">maio 1, 2026<\/time><\/a>\t\t\t<\/span>\r\n\r\n\t\t\t<span class=\"tg-post-auther-name author vcard\">\r\n\t\t\t\t<a class=\"url fn n\" href=\"https:\/\/leste.news\/?author=1\">Reda\u00e7\u00e3o RPMT<\/a>\t\t\t<\/span>\r\n\r\n\t\t\t\t\t\t\t<span class=\"tg-module-comments\">\r\n\t\t\t\t\t<a href=\"https:\/\/leste.news\/?p=1759#respond\">0<\/a>\t\t\t\t<\/span>\r\n\t\t\t\t\t<\/div>\r\n\r\n\t\t\t\t\t\t\t\t<\/div>\r\n\t\t\t\t\t<\/div>\r\n\t\t\t\t\t\r\n\t\t\t\t\t<div class=\"tg_module_block tg_module_block--list-small tg-col-control\">\r\n\t\t\t\t\t\t\t\t\t\t\t\t\t<figure class=\"tg-module-thumb\">\r\n\t\t\t\t\t\t\t\t\t\t<a href=\"https:\/\/leste.news\/?p=1757\" class=\"tg-thumb-link\">\r\n\t\t\t<img loading=\"lazy\" decoding=\"async\" width=\"130\" height=\"90\" src=\"https:\/\/leste.news\/wp-content\/uploads\/2026\/04\/1830-Seduc-diz-que-escola-nao-tem-competencia-para.asp-130x90.jpeg\" class=\"attachment-colormag-featured-post-small size-colormag-featured-post-small wp-post-image\" alt=\"18:30 - \n\t\t\t\t\t\t\tSeduc diz que escola n\u00e3o tem compet\u00eancia para punir estudante acusado de assediar e agredir adolescentes\" srcset=\"https:\/\/leste.news\/wp-content\/uploads\/2026\/04\/1830-Seduc-diz-que-escola-nao-tem-competencia-para.asp-130x90.jpeg 130w, https:\/\/leste.news\/wp-content\/uploads\/2026\/04\/1830-Seduc-diz-que-escola-nao-tem-competencia-para.asp-392x272.jpeg 392w\" sizes=\"(max-width: 130px) 100vw, 130px\" \/>\t\t<\/a>\r\n\t\t\t\t\t\t\t\t\t<\/figure>\r\n\t\t\t\t\t\t\r\n\t\t\t\t\t\t<div class=\"tg-module-info\">\r\n\t\t\t\t\t\t\t\t\t<h3 class=\"tg-module-title entry-title\">\r\n\t\t\t<a href=\"https:\/\/leste.news\/?p=1757\">18:30 &#8211; \n\t\t\t\t\t\t\tSeduc diz que escola n\u00e3o tem compet\u00eancia para punir estudante acusado de assediar e agredir adolescentes<\/a>\r\n\t\t<\/h3>\r\n\t\t\r\n\t\t<div class=\"tg-module-meta\">\r\n\t\t\t\r\n\t\t\t<span class=\"tg-post-date entry-date\">\r\n\t\t\t\t<a href=\"https:\/\/leste.news\/?p=1757\" rel=\"bookmark\"><time class=\"entry-date published updated\" datetime=\"2026-04-29T16:34:49-04:00\">abril 29, 2026<\/time><\/a>\t\t\t<\/span>\r\n\r\n\t\t\t<span class=\"tg-post-auther-name author vcard\">\r\n\t\t\t\t<a class=\"url fn n\" href=\"https:\/\/leste.news\/?author=1\">Reda\u00e7\u00e3o RPMT<\/a>\t\t\t<\/span>\r\n\r\n\t\t\t\t\t\t\t<span class=\"tg-module-comments\">\r\n\t\t\t\t\t<a href=\"https:\/\/leste.news\/?p=1757#respond\">0<\/a>\t\t\t\t<\/span>\r\n\t\t\t\t\t<\/div>\r\n\r\n\t\t\t\t\t\t\t\t<\/div>\r\n\t\t\t\t\t<\/div>\r\n\t\t\t\t\t\t\t\t<\/div>\r\n\t\t<\/div>\r\n\r\n\t\t\t\t<\/div>\n\t\t\t\t<\/div>\n\t\t\t\t\t<\/div>\n\t\t<\/div>\n\t\t\t\t\t<\/div>\n\t\t<\/section>\n\t\t\t\t<\/div>\n\t\t","protected":false},"excerpt":{"rendered":"<p>Politics News News&nbsp;Politics&nbsp;World&nbsp; Man Arrested With Two Guns December 26, 2017December 26, 2017 TG-Demo Team Comments Off on Man Arrested<\/p>\n","protected":false},"author":1,"featured_media":0,"parent":0,"menu_order":0,"comment_status":"closed","ping_status":"closed","template":"page-templates\/page-builder.php","meta":{"footnotes":""},"class_list":["post-222","page","type-page","status-publish","hentry"],"yoast_head":"<!-- This site is optimized with the Yoast SEO plugin v23.3 - https:\/\/yoast.com\/wordpress\/plugins\/seo\/ -->\n<title>Politics - Leste News<\/title>\n<meta name=\"robots\" content=\"index, follow, max-snippet:-1, max-image-preview:large, max-video-preview:-1\" \/>\n<link rel=\"canonical\" href=\"https:\/\/leste.news\/?page_id=222\" \/>\n<meta property=\"og:locale\" content=\"pt_BR\" \/>\n<meta property=\"og:type\" content=\"article\" \/>\n<meta property=\"og:title\" content=\"Politics - Leste News\" \/>\n<meta property=\"og:description\" content=\"Politics News News&nbsp;Politics&nbsp;World&nbsp; Man Arrested With Two Guns December 26, 2017December 26, 2017 TG-Demo Team Comments Off on Man Arrested\" \/>\n<meta property=\"og:url\" content=\"https:\/\/leste.news\/?page_id=222\" \/>\n<meta property=\"og:site_name\" content=\"Leste News\" \/>\n<meta property=\"og:image\" content=\"https:\/\/demo.themegrill.com\/colormag-dark\/wp-content\/uploads\/sites\/155\/2017\/12\/police-sectrity-392x272.jpg\" \/>\n<meta name=\"twitter:card\" content=\"summary_large_image\" \/>\n<meta name=\"twitter:label1\" content=\"Est. tempo de leitura\" \/>\n\t<meta name=\"twitter:data1\" content=\"2 minutos\" \/>\n<script type=\"application\/ld+json\" class=\"yoast-schema-graph\">{\"@context\":\"https:\/\/schema.org\",\"@graph\":[{\"@type\":\"WebPage\",\"@id\":\"https:\/\/leste.news\/?page_id=222\",\"url\":\"https:\/\/leste.news\/?page_id=222\",\"name\":\"Politics - Leste News\",\"isPartOf\":{\"@id\":\"https:\/\/leste.news\/#website\"},\"primaryImageOfPage\":{\"@id\":\"https:\/\/leste.news\/?page_id=222#primaryimage\"},\"image\":{\"@id\":\"https:\/\/leste.news\/?page_id=222#primaryimage\"},\"thumbnailUrl\":\"https:\/\/demo.themegrill.com\/colormag-dark\/wp-content\/uploads\/sites\/155\/2017\/12\/police-sectrity-392x272.jpg\",\"datePublished\":\"2017-12-26T05:47:41+00:00\",\"dateModified\":\"2017-12-26T05:47:41+00:00\",\"breadcrumb\":{\"@id\":\"https:\/\/leste.news\/?page_id=222#breadcrumb\"},\"inLanguage\":\"pt-BR\",\"potentialAction\":[{\"@type\":\"ReadAction\",\"target\":[\"https:\/\/leste.news\/?page_id=222\"]}]},{\"@type\":\"ImageObject\",\"inLanguage\":\"pt-BR\",\"@id\":\"https:\/\/leste.news\/?page_id=222#primaryimage\",\"url\":\"https:\/\/demo.themegrill.com\/colormag-dark\/wp-content\/uploads\/sites\/155\/2017\/12\/police-sectrity-392x272.jpg\",\"contentUrl\":\"https:\/\/demo.themegrill.com\/colormag-dark\/wp-content\/uploads\/sites\/155\/2017\/12\/police-sectrity-392x272.jpg\"},{\"@type\":\"BreadcrumbList\",\"@id\":\"https:\/\/leste.news\/?page_id=222#breadcrumb\",\"itemListElement\":[{\"@type\":\"ListItem\",\"position\":1,\"name\":\"In\u00edcio\",\"item\":\"https:\/\/leste.news\/\"},{\"@type\":\"ListItem\",\"position\":2,\"name\":\"Politics\"}]},{\"@type\":\"WebSite\",\"@id\":\"https:\/\/leste.news\/#website\",\"url\":\"https:\/\/leste.news\/\",\"name\":\"Leste News\",\"description\":\"Seu novo jeito de ver a not\u00edcia!\",\"publisher\":{\"@id\":\"https:\/\/leste.news\/#organization\"},\"potentialAction\":[{\"@type\":\"SearchAction\",\"target\":{\"@type\":\"EntryPoint\",\"urlTemplate\":\"https:\/\/leste.news\/?s={search_term_string}\"},\"query-input\":\"required name=search_term_string\"}],\"inLanguage\":\"pt-BR\"},{\"@type\":\"Organization\",\"@id\":\"https:\/\/leste.news\/#organization\",\"name\":\"Leste News\",\"url\":\"https:\/\/leste.news\/\",\"logo\":{\"@type\":\"ImageObject\",\"inLanguage\":\"pt-BR\",\"@id\":\"https:\/\/leste.news\/#\/schema\/logo\/image\/\",\"url\":\"https:\/\/leste.news\/wp-content\/uploads\/2024\/08\/cropped-logo2.png\",\"contentUrl\":\"https:\/\/leste.news\/wp-content\/uploads\/2024\/08\/cropped-logo2.png\",\"width\":346,\"height\":110,\"caption\":\"Leste News\"},\"image\":{\"@id\":\"https:\/\/leste.news\/#\/schema\/logo\/image\/\"}}]}<\/script>\n<!-- \/ Yoast SEO plugin. -->","yoast_head_json":{"title":"Politics - Leste News","robots":{"index":"index","follow":"follow","max-snippet":"max-snippet:-1","max-image-preview":"max-image-preview:large","max-video-preview":"max-video-preview:-1"},"canonical":"https:\/\/leste.news\/?page_id=222","og_locale":"pt_BR","og_type":"article","og_title":"Politics - Leste News","og_description":"Politics News News&nbsp;Politics&nbsp;World&nbsp; Man Arrested With Two Guns December 26, 2017December 26, 2017 TG-Demo Team Comments Off on Man Arrested","og_url":"https:\/\/leste.news\/?page_id=222","og_site_name":"Leste News","og_image":[{"url":"https:\/\/demo.themegrill.com\/colormag-dark\/wp-content\/uploads\/sites\/155\/2017\/12\/police-sectrity-392x272.jpg"}],"twitter_card":"summary_large_image","twitter_misc":{"Est. tempo de leitura":"2 minutos"},"schema":{"@context":"https:\/\/schema.org","@graph":[{"@type":"WebPage","@id":"https:\/\/leste.news\/?page_id=222","url":"https:\/\/leste.news\/?page_id=222","name":"Politics - Leste News","isPartOf":{"@id":"https:\/\/leste.news\/#website"},"primaryImageOfPage":{"@id":"https:\/\/leste.news\/?page_id=222#primaryimage"},"image":{"@id":"https:\/\/leste.news\/?page_id=222#primaryimage"},"thumbnailUrl":"https:\/\/demo.themegrill.com\/colormag-dark\/wp-content\/uploads\/sites\/155\/2017\/12\/police-sectrity-392x272.jpg","datePublished":"2017-12-26T05:47:41+00:00","dateModified":"2017-12-26T05:47:41+00:00","breadcrumb":{"@id":"https:\/\/leste.news\/?page_id=222#breadcrumb"},"inLanguage":"pt-BR","potentialAction":[{"@type":"ReadAction","target":["https:\/\/leste.news\/?page_id=222"]}]},{"@type":"ImageObject","inLanguage":"pt-BR","@id":"https:\/\/leste.news\/?page_id=222#primaryimage","url":"https:\/\/demo.themegrill.com\/colormag-dark\/wp-content\/uploads\/sites\/155\/2017\/12\/police-sectrity-392x272.jpg","contentUrl":"https:\/\/demo.themegrill.com\/colormag-dark\/wp-content\/uploads\/sites\/155\/2017\/12\/police-sectrity-392x272.jpg"},{"@type":"BreadcrumbList","@id":"https:\/\/leste.news\/?page_id=222#breadcrumb","itemListElement":[{"@type":"ListItem","position":1,"name":"In\u00edcio","item":"https:\/\/leste.news\/"},{"@type":"ListItem","position":2,"name":"Politics"}]},{"@type":"WebSite","@id":"https:\/\/leste.news\/#website","url":"https:\/\/leste.news\/","name":"Leste News","description":"Seu novo jeito de ver a not\u00edcia!","publisher":{"@id":"https:\/\/leste.news\/#organization"},"potentialAction":[{"@type":"SearchAction","target":{"@type":"EntryPoint","urlTemplate":"https:\/\/leste.news\/?s={search_term_string}"},"query-input":"required name=search_term_string"}],"inLanguage":"pt-BR"},{"@type":"Organization","@id":"https:\/\/leste.news\/#organization","name":"Leste News","url":"https:\/\/leste.news\/","logo":{"@type":"ImageObject","inLanguage":"pt-BR","@id":"https:\/\/leste.news\/#\/schema\/logo\/image\/","url":"https:\/\/leste.news\/wp-content\/uploads\/2024\/08\/cropped-logo2.png","contentUrl":"https:\/\/leste.news\/wp-content\/uploads\/2024\/08\/cropped-logo2.png","width":346,"height":110,"caption":"Leste News"},"image":{"@id":"https:\/\/leste.news\/#\/schema\/logo\/image\/"}}]}},"_links":{"self":[{"href":"https:\/\/leste.news\/index.php?rest_route=\/wp\/v2\/pages\/222"}],"collection":[{"href":"https:\/\/leste.news\/index.php?rest_route=\/wp\/v2\/pages"}],"about":[{"href":"https:\/\/leste.news\/index.php?rest_route=\/wp\/v2\/types\/page"}],"author":[{"embeddable":true,"href":"https:\/\/leste.news\/index.php?rest_route=\/wp\/v2\/users\/1"}],"replies":[{"embeddable":true,"href":"https:\/\/leste.news\/index.php?rest_route=%2Fwp%2Fv2%2Fcomments&post=222"}],"version-history":[{"count":0,"href":"https:\/\/leste.news\/index.php?rest_route=\/wp\/v2\/pages\/222\/revisions"}],"wp:attachment":[{"href":"https:\/\/leste.news\/index.php?rest_route=%2Fwp%2Fv2%2Fmedia&parent=222"}],"curies":[{"name":"wp","href":"https:\/\/api.w.org\/{rel}","templated":true}]}}